{"id":2717,"date":"2025-08-06T10:25:45","date_gmt":"2025-08-06T08:25:45","guid":{"rendered":"https:\/\/helias.ch\/kursinfos\/"},"modified":"2026-03-24T22:15:00","modified_gmt":"2026-03-24T21:15:00","slug":"informazioni-sul-corso","status":"publish","type":"page","link":"https:\/\/helias.ch\/fr\/informazioni-sul-corso\/","title":{"rendered":"Informazioni sul corso"},"content":{"rendered":"\t\t<div data-elementor-type=\"wp-page\" data-elementor-id=\"2717\" class=\"elementor elementor-2717 elementor-528\" data-elementor-post-type=\"page\">\n\t\t\t\t<div class=\"elementor-element elementor-element-894a7f6 e-flex e-con-boxed e-con e-parent\" data-id=\"894a7f6\" data-element_type=\"container\" data-e-type=\"container\" data-settings=\"{&quot;background_background&quot;:&quot;classic&quot;}\">\n\t\t\t\t\t<div class=\"e-con-inner\">\n\t\t<div class=\"elementor-element elementor-element-b21a4cf e-con-full e-flex e-con e-child\" data-id=\"b21a4cf\" data-element_type=\"container\" data-e-type=\"container\">\n\t\t\t\t<div class=\"elementor-element elementor-element-cff3abe elementor-widget elementor-widget-heading\" data-id=\"cff3abe\" data-element_type=\"widget\" data-e-type=\"widget\" data-widget_type=\"heading.default\">\n\t\t\t\t\t<h1 class=\"elementor-heading-title elementor-size-default\">FAQ<\/h1>\t\t\t\t<\/div>\n\t\t\t\t<\/div>\n\t\t\t\t\t<\/div>\n\t\t\t\t<\/div>\n\t\t<div class=\"elementor-element elementor-element-e8ba8c2 e-flex e-con-boxed e-con e-parent\" data-id=\"e8ba8c2\" data-element_type=\"container\" data-e-type=\"container\">\n\t\t\t\t\t<div class=\"e-con-inner\">\n\t\t\t\t<div class=\"elementor-element elementor-element-d0d4022 elementor-widget elementor-widget-heading\" data-id=\"d0d4022\" data-element_type=\"widget\" data-e-type=\"widget\" data-widget_type=\"heading.default\">\n\t\t\t\t\t<h2 class=\"elementor-heading-title elementor-size-default\">FAQ <\/h2>\t\t\t\t<\/div>\n\t\t\t\t<div class=\"elementor-element elementor-element-904413b elementor-widget elementor-widget-text-editor\" data-id=\"904413b\" data-element_type=\"widget\" data-e-type=\"widget\" data-widget_type=\"text-editor.default\">\n\t\t\t\t\t\t\t\t\t<h6><strong>Come posso iscrivermi a un corso?<\/strong><\/h6><p>Devi iscriverti tramite il modulo online presente nella pagina del corso corrispondente. L&rsquo;iscrizione \u00e8 vincolante. Le iscrizioni vengono prese in considerazione in base all&rsquo;ordine di arrivo. La decisione sull&rsquo;effettivo svolgimento di un corso viene presa al pi\u00f9 tardi 3 settimane prima dell&rsquo;inizio del corso. Al pi\u00f9 tardi 2 settimane prima dell&rsquo;inizio del corso riceverai una conferma o un rifiuto.<\/p><h6><strong>A quanti corsi posso partecipare?<\/strong><\/h6><p>Dipende da dove lavori e se sei membro di syndicom o Syna:<\/p><ul><li>In qualit\u00e0 di lavoratore\/lavoratrice dell&rsquo;industria grafica in un&rsquo;azienda soggetta al CCL \/ in un&rsquo;azienda che rispetta il contratto, puoi frequentare un corso all&rsquo;anno a tariffa ridotta. Per tutti gli altri corsi pagherai l&rsquo;intero costo.<\/li><li>In qualit\u00e0 di membro di syndicom o Syna puoi frequentare ulteriori corsi a tariffa ridotta. In questo caso, al momento dell\u2019iscrizione hanno la priorit\u00e0 coloro che partecipano per la prima volta.<\/li><\/ul><h6><strong>Posso iscrivermi a pi\u00f9 corsi contemporaneamente?<\/strong><\/h6><p>S\u00ec, \u00e8 possibile. Se desideri iscriverti a pi\u00f9 corsi contemporaneamente, devi indicare l&rsquo;ordine di priorit\u00e0.<\/p><h6><strong>Come posso disiscrivermi da un corso?<\/strong><\/h6><p>Puoi disiscriverti per iscritto entro e non oltre 3 settimane prima dell&rsquo;inizio del corso. Se ti disiscrivi con un preavviso inferiore, saremo costretti ad addebitarti una tassa amministrativa di 100 franchi. Se il tuo posto non pu\u00f2 essere riassegnato, al responsabile verr\u00e0 addebitato l&rsquo;intero costo del corso. Una cancellazione tardiva gratuita \u00e8 possibile solo se presenti un certificato medico. Se il tuo datore di lavoro ti ha iscritto a un corso e poi ti cancella, i costi saranno a carico della tua azienda. Se ti cancelli dopo l&rsquo;inizio del corso o non ti presenti, dovremo addebitarti l&rsquo;intero costo del corso.<\/p><h6><strong>Quanto dura un corso?<\/strong><\/h6><p>Un corso pu\u00f2 durare un giorno o pi\u00f9 giorni. I corsi di pi\u00f9 giorni possono essere frequentati solo nella loro interezza. Se non diversamente specificato, gli orari dei corsi sono dalle 09:00 alle 12:00 e dalle 13:00 alle 16:45.<\/p><h6><strong>Ricever\u00f2 un certificato al termine del corso?<\/strong><\/h6><p>S\u00ec, al termine del corso riceverai un attestato.<\/p><h6><strong>Disclaimer<\/strong><\/h6><p>In caso di numero insufficiente di partecipanti, ci riserviamo il diritto di posticipare o annullare i corsi. Gli interessati saranno informati per iscritto in tempo utile.<\/p><h6><strong>Cosa devo portare al corso?<\/strong><\/h6><ul><li>Una chiavetta USB o un disco rigido personale, in modo da poter copiare ed portare con te eventuali dati del corso. Al termine di ogni corso, tutti i dati vengono cancellati dal sistema.<\/li><li>Ulteriore materiale specifico per il corso: consulta il bando del corso.<\/li><\/ul><h6><strong>Sono un dipendente. Posso prendere un permesso per frequentare un corso Helias?<\/strong><\/h6><p>In qualit\u00e0 di dipendente di un&rsquo;azienda del settore grafico soggetta al CCL o che ne rispetta i termini, ai sensi dell&rsquo;articolo 215 del CCL hai diritto, in linea di principio, a un permesso di formazione retribuito durante l&rsquo;orario di lavoro.<\/p><h6><strong>Corsi per rilegatori<\/strong><\/h6><p>Oltre ai corsi elencati nel programma della PBS, il Centro del bel libro Ascona offre corsi di formazione continua specifici per rilegatori qualificati.<\/p><p>Per ulteriori informazioni e per ricevere il programma dei corsi, rivolgersi direttamente a:<\/p><p>Segreteria Centro del bel libro Ascona<br \/>Viale Portone 4, 6500 Bellinzona<br \/>Telefono 091 825 11 62, Fax 091 825 56 27<\/p>\t\t\t\t\t\t\t\t<\/div>\n\t\t\t\t\t<\/div>\n\t\t\t\t<\/div>\n\t\t\t\t<\/div>\n\t\t","protected":false},"excerpt":{"rendered":"<p>FAQ FAQ Come posso iscrivermi a un corso? Devi iscriverti tramite il modulo online presente nella pagina del corso corrispondente. L&rsquo;iscrizione \u00e8 vincolante. Le iscrizioni vengono prese in considerazione in base all&rsquo;ordine di arrivo. La decisione sull&rsquo;effettivo svolgimento di un corso viene presa al pi\u00f9 tardi 3 settimane prima dell&rsquo;inizio del corso. Al pi\u00f9 tardi [&hellip;]<\/p>\n","protected":false},"author":1,"featured_media":0,"parent":0,"menu_order":0,"comment_status":"closed","ping_status":"closed","template":"elementor_header_footer","meta":{"footnotes":""},"class_list":["post-2717","page","type-page","status-publish","hentry"],"_links":{"self":[{"href":"https:\/\/helias.ch\/fr\/wp-json\/wp\/v2\/pages\/2717","targetHints":{"allow":["GET"]}}],"collection":[{"href":"https:\/\/helias.ch\/fr\/wp-json\/wp\/v2\/pages"}],"about":[{"href":"https:\/\/helias.ch\/fr\/wp-json\/wp\/v2\/types\/page"}],"author":[{"embeddable":true,"href":"https:\/\/helias.ch\/fr\/wp-json\/wp\/v2\/users\/1"}],"replies":[{"embeddable":true,"href":"https:\/\/helias.ch\/fr\/wp-json\/wp\/v2\/comments?post=2717"}],"version-history":[{"count":7,"href":"https:\/\/helias.ch\/fr\/wp-json\/wp\/v2\/pages\/2717\/revisions"}],"predecessor-version":[{"id":2725,"href":"https:\/\/helias.ch\/fr\/wp-json\/wp\/v2\/pages\/2717\/revisions\/2725"}],"wp:attachment":[{"href":"https:\/\/helias.ch\/fr\/wp-json\/wp\/v2\/media?parent=2717"}],"curies":[{"name":"wp","href":"https:\/\/api.w.org\/{rel}","templated":true}]}}