{"id":2731,"date":"2025-08-18T20:46:57","date_gmt":"2025-08-18T20:46:57","guid":{"rendered":"https:\/\/helias.ch\/datenschutz\/"},"modified":"2025-08-18T20:46:57","modified_gmt":"2025-08-18T20:46:57","slug":"datenschutz","status":"publish","type":"page","link":"https:\/\/helias.ch\/fr\/datenschutz\/","title":{"rendered":"Datenschutz"},"content":{"rendered":"\t\t<div data-elementor-type=\"wp-page\" data-elementor-id=\"2731\" class=\"elementor elementor-2731 elementor-853\" data-elementor-post-type=\"page\">\n\t\t\t\t<div class=\"elementor-element elementor-element-894a7f6 e-flex e-con-boxed e-con e-parent\" data-id=\"894a7f6\" data-element_type=\"container\" data-e-type=\"container\" data-settings=\"{&quot;background_background&quot;:&quot;classic&quot;}\">\n\t\t\t\t\t<div class=\"e-con-inner\">\n\t\t<div class=\"elementor-element elementor-element-b21a4cf e-con-full e-flex e-con e-child\" data-id=\"b21a4cf\" data-element_type=\"container\" data-e-type=\"container\">\n\t\t\t\t<div class=\"elementor-element elementor-element-cff3abe elementor-widget elementor-widget-heading\" data-id=\"cff3abe\" data-element_type=\"widget\" data-e-type=\"widget\" data-widget_type=\"heading.default\">\n\t\t\t\t\t<h1 class=\"elementor-heading-title elementor-size-default\">Datenschutz<\/h1>\t\t\t\t<\/div>\n\t\t\t\t<\/div>\n\t\t\t\t\t<\/div>\n\t\t\t\t<\/div>\n\t\t<div class=\"elementor-element elementor-element-e8ba8c2 e-flex e-con-boxed e-con e-parent\" data-id=\"e8ba8c2\" data-element_type=\"container\" data-e-type=\"container\">\n\t\t\t\t\t<div class=\"e-con-inner\">\n\t\t\t\t<div class=\"elementor-element elementor-element-904413b elementor-widget elementor-widget-text-editor\" data-id=\"904413b\" data-element_type=\"widget\" data-e-type=\"widget\" data-widget_type=\"text-editor.default\">\n\t\t\t\t\t\t\t\t\t<h3>Rechtliche Hinweise<\/h3><p>Dies ist die offizielle Website von Helias. Sie dient zur Information der Interessenten und Teilnehmenden an unserem Kursangebot. Helias kann f\u00fcr den Betrieb der Website Dritte beiziehen. Die Informationen sowie die Regeln \u00fcber die Nutzung k\u00f6nnen von Helias jederzeit ge\u00e4ndert werden. Die \u00c4nderungen sind bindend.<\/p><h3>Urheber- und andere Rechte<\/h3><p>Die auf der Helias-Website enthaltenen Informationen werden der \u00d6ffentlichkeit zug\u00e4nglich gemacht. Durch das Herunterladen oder Kopieren von Inhalten, Bildern, Fotos oder anderen Dateien werden keinerlei Rechte bez\u00fcglich der Inhalte \u00fcbertragen.<br \/>Die Urheber- und alle anderen Rechte an Inhalten, Bildern, Fotos oder anderen Dateien auf der Helias-Website liegen ausschliesslich bei Helias oder den explizit genannten RechtsinhaberInnen. Das (vollst\u00e4ndige oder teilweise) Reproduzieren, \u00dcbermitteln (elektronisch oder mit anderen Mitteln), Modifizieren, Verkn\u00fcpfen oder Benutzen der Website f\u00fcr \u00f6ffentliche oder kommerzielle Zwecke ist ohne vorherige schriftliche Zustimmung untersagt.<\/p><h3>Haftungsausschluss<\/h3><p>Obwohl Helias mit aller Sorgfalt auf die Richtigkeit der ver\u00f6ffentlichten Informationen achtet, kann es hinsichtlich der inhaltlichen Richtigkeit, Genauigkeit, Aktualit\u00e4t, Zuverl\u00e4ssigkeit und Vollst\u00e4ndigkeit dieser Informationen keine Gew\u00e4hrleistung \u00fcbernehmen.<br \/>Helias beh\u00e4lt sich ausdr\u00fccklich vor, jederzeit Inhalte ohne Ank\u00fcndigung ganz oder teilweise zu \u00e4ndern, zu l\u00f6schen oder zeitweise nicht zu ver\u00f6ffentlichen.<\/p><p>Haftungsanspr\u00fcche gegen Helias wegen Sch\u00e4den materieller oder immaterieller Art, die aus dem Zugriff oder der Nutzung bzw. Nichtnutzung der ver\u00f6ffentlichten Informationen, durch Missbrauch der Verbindung oder durch technische St\u00f6rungen entstehen, werden ausgeschlossen. Der Zugriff auf die Website und deren Nutzung werden nicht garantiert.<\/p><h3>Daten\u00fcbertragung via Internet<\/h3><p class=\"\"><time>November 13, 2018<\/time><\/p><p>Das Internet ist ein offenes, f\u00fcr jedermann zug\u00e4ngliches Netz und gilt somit grunds\u00e4tzlich nicht als sichere Umgebung. Obwohl die einzelnen Datenpakete grunds\u00e4tzlich verschl\u00fcsselt \u00fcbermittelt werden, gilt dies nicht f\u00fcr den Absender und den Empf\u00e4nger. Ausserdem ist es m\u00f6glich, dass Daten ins Ausland und damit allenfalls in ein Land mit einem tieferen Datenschutzniveau als die Schweiz transferiert werden, selbst wenn sich Absender und Empf\u00e4nger in der Schweiz befinden. F\u00fcr die Sicherheit von Daten w\u00e4hrend deren \u00dcbermittlung via Internet schliesst Helias jede Haftung aus.<\/p><h3>Sammlung und Verwendung von Informationen<\/h3><p>Beim Zugriff auf die Website werden diverse Zugriffsdaten (IP-Adresse, Datum und Uhrzeit des Zugriffes, Name der aufgerufenen Datei etc.) gespeichert. Es finden keine personenbezogenen Auswertungen statt. Zu statistischen Zwecken werden Daten anonym ausgewertet, beispielsweise um festzustellen, wie oft am Tag auf die Website zugegriffen wird.<br \/>Diese Daten werden streng vertraulich behandelt und Dritten nicht zug\u00e4nglich gemacht, es sei denn, dass dies vom geltenden Recht und namentlich der zust\u00e4ndigen Strafverfolgungsbeh\u00f6rde gefordert wird.<\/p><h3>Google Analytics<\/h3><p>Diese Website benutzt Google Analytics, einen Webanalysedienst der Google Inc. (\u00ab\u00a0Google\u00a0\u00bb). Google Analytics verwendet sog. \u00ab\u00a0Cookies\u00a0\u00bb, Textdateien, die auf Ihrem Computer gespeichert werden und die eine Analyse der Benutzung der Website durch Sie erm\u00f6glicht. Die durch den Cookie erzeugten Informationen \u00fcber die Benutzung syndicom-Website (einschlie\u00dflich IP-Adresse) wird an einen Server von Google in den USA \u00fcbertragen und dort gespeichert. Google wird diese Informationen benutzen, um die Nutzung der Website auszuwerten, um Reports \u00fcber die Websiteaktivit\u00e4ten f\u00fcr die Websitebetreiber zusammenzustellen und um weitere, mit der Websitenutzung und der Internetnutzung verbundene Dienstleistungen zu erbringen. Auch wird Google diese Informationen gegebenenfalls an Dritte \u00fcbertragen, sofern dies gesetzlich vorgeschrieben oder soweit Dritte diese Daten im Auftrag von Google verarbeiten. Google wird in keinem Fall Ihre IP-Adresse mit anderen Daten von Google in Verbindung bringen. Sie k\u00f6nnen die Installation der Cookies durch eine entsprechende Einstellung Ihrer Browser Software verhindern; wir weisen Sie jedoch darauf hin, dass Sie in diesem Fall gegebenenfalls nicht s\u00e4mtliche Funktionen dieser Website vollumf\u00e4nglich nutzen k\u00f6nnen. Durch die Nutzung dieser Website erkl\u00e4ren Sie sich mit der Bearbeitung der \u00fcber Sie erhobenen Daten durch Google in der zuvor beschriebenen Art und Weise und zu dem zuvor benannten Zweck einverstanden.<\/p><h3>Cookies<\/h3><p>Bei der Nutzung des Portals wird auf den Computern der Nutzer eine kleine Datei (sog. \u00abCookie\u00bb) gespeichert. Diese Datei dient ausschliesslich der anonymen Erhebung von Besucherzahlen.<\/p>\t\t\t\t\t\t\t\t<\/div>\n\t\t\t\t\t<\/div>\n\t\t\t\t<\/div>\n\t\t\t\t<\/div>\n\t\t","protected":false},"excerpt":{"rendered":"<p>Datenschutz Rechtliche Hinweise Dies ist die offizielle Website von Helias. Sie dient zur Information der Interessenten und Teilnehmenden an unserem Kursangebot. Helias kann f\u00fcr den Betrieb der Website Dritte beiziehen. Die Informationen sowie die Regeln \u00fcber die Nutzung k\u00f6nnen von Helias jederzeit ge\u00e4ndert werden. Die \u00c4nderungen sind bindend. Urheber- und andere Rechte Die auf der [&hellip;]<\/p>\n","protected":false},"author":1,"featured_media":0,"parent":0,"menu_order":0,"comment_status":"closed","ping_status":"closed","template":"elementor_header_footer","meta":{"footnotes":""},"class_list":["post-2731","page","type-page","status-publish","hentry"],"_links":{"self":[{"href":"https:\/\/helias.ch\/fr\/wp-json\/wp\/v2\/pages\/2731","targetHints":{"allow":["GET"]}}],"collection":[{"href":"https:\/\/helias.ch\/fr\/wp-json\/wp\/v2\/pages"}],"about":[{"href":"https:\/\/helias.ch\/fr\/wp-json\/wp\/v2\/types\/page"}],"author":[{"embeddable":true,"href":"https:\/\/helias.ch\/fr\/wp-json\/wp\/v2\/users\/1"}],"replies":[{"embeddable":true,"href":"https:\/\/helias.ch\/fr\/wp-json\/wp\/v2\/comments?post=2731"}],"version-history":[{"count":0,"href":"https:\/\/helias.ch\/fr\/wp-json\/wp\/v2\/pages\/2731\/revisions"}],"wp:attachment":[{"href":"https:\/\/helias.ch\/fr\/wp-json\/wp\/v2\/media?parent=2731"}],"curies":[{"name":"wp","href":"https:\/\/api.w.org\/{rel}","templated":true}]}}