{"id":2206,"date":"2025-08-06T10:25:45","date_gmt":"2025-08-06T08:25:45","guid":{"rendered":"https:\/\/helias.ch\/kursinfos\/"},"modified":"2026-02-17T11:05:24","modified_gmt":"2026-02-17T10:05:24","slug":"informazioni-sul-corso","status":"publish","type":"page","link":"https:\/\/helias.ch\/it\/informazioni-sul-corso\/","title":{"rendered":"Informazioni sul corso"},"content":{"rendered":"\t\t<div data-elementor-type=\"wp-page\" data-elementor-id=\"2206\" class=\"elementor elementor-2206 elementor-528\" data-elementor-post-type=\"page\">\n\t\t\t\t<div class=\"elementor-element elementor-element-894a7f6 e-flex e-con-boxed e-con e-parent\" data-id=\"894a7f6\" data-element_type=\"container\" data-e-type=\"container\" data-settings=\"{&quot;background_background&quot;:&quot;classic&quot;}\">\n\t\t\t\t\t<div class=\"e-con-inner\">\n\t\t<div class=\"elementor-element elementor-element-b21a4cf e-con-full e-flex e-con e-child\" data-id=\"b21a4cf\" data-element_type=\"container\" data-e-type=\"container\">\n\t\t\t\t<div class=\"elementor-element elementor-element-cff3abe elementor-widget elementor-widget-heading\" data-id=\"cff3abe\" data-element_type=\"widget\" data-e-type=\"widget\" data-widget_type=\"heading.default\">\n\t\t\t\t\t<h1 class=\"elementor-heading-title elementor-size-default\">FAQ<\/h1>\t\t\t\t<\/div>\n\t\t\t\t<\/div>\n\t\t\t\t\t<\/div>\n\t\t\t\t<\/div>\n\t\t<div class=\"elementor-element elementor-element-e8ba8c2 e-flex e-con-boxed e-con e-parent\" data-id=\"e8ba8c2\" data-element_type=\"container\" data-e-type=\"container\">\n\t\t\t\t\t<div class=\"e-con-inner\">\n\t\t\t\t<div class=\"elementor-element elementor-element-d0d4022 elementor-widget elementor-widget-heading\" data-id=\"d0d4022\" data-element_type=\"widget\" data-e-type=\"widget\" data-widget_type=\"heading.default\">\n\t\t\t\t\t<h2 class=\"elementor-heading-title elementor-size-default\">FAQ <\/h2>\t\t\t\t<\/div>\n\t\t\t\t<div class=\"elementor-element elementor-element-904413b elementor-widget elementor-widget-text-editor\" data-id=\"904413b\" data-element_type=\"widget\" data-e-type=\"widget\" data-widget_type=\"text-editor.default\">\n\t\t\t\t\t\t\t\t\t<h6><strong>Come mi iscrivo a un corso?<\/strong><\/h6><p>\u00c8 necessario iscriversi tramite il modulo online disponibile nella pagina del corso corrispondente. L&#8217;iscrizione \u00e8 vincolante. Le iscrizioni saranno prese in considerazione in ordine di arrivo. La decisione definitiva sull&#8217;effettivo svolgimento di un corso verr\u00e0 presa al pi\u00f9 tardi 3 settimane prima dell&#8217;inizio dello stesso. Al pi\u00f9 tardi 2 settimane prima dell&#8217;inizio del corso riceverai una conferma o un rifiuto.<\/p><h6><strong>A quanti corsi posso partecipare?<\/strong><\/h6><p>Dipende da dove lavori e se sei membro di syndicom o Syna:<\/p><ul><li>In qualit\u00e0 di dipendente dell&#8217;industria grafica in un&#8217;azienda soggetta al CCL \/ in un&#8217;azienda che rispetta il contratto, puoi frequentare un corso all&#8217;anno a tariffa ridotta. Per tutti gli altri corsi pagherai l&#8217;intera quota di iscrizione.<\/li><li>In qualit\u00e0 di membro syndicom o Syna, puoi frequentare altri corsi a tariffa ridotta. In questo caso, i nuovi partecipanti hanno la priorit\u00e0 al momento dell&#8217;iscrizione.<\/li><\/ul><h6><strong>Posso iscrivermi a pi\u00f9 corsi contemporaneamente?<\/strong><\/h6><p>S\u00ec, \u00e8 possibile. Se desideri iscriverti a pi\u00f9 corsi contemporaneamente, devi indicare la tua priorit\u00e0.<\/p><h6><strong>Come posso cancellarmi da un corso?<\/strong><\/h6><p>\u00c8 possibile annullare l&#8217;iscrizione per iscritto entro e non oltre 3 settimane prima dell&#8217;inizio del corso. In caso di annullamento con preavviso inferiore, sar\u00e0 addebitata una tassa amministrativa di 100 franchi. Se il posto non pu\u00f2 essere riassegnato, al responsabile sar\u00e0 addebitato l&#8217;intero costo del corso. Una cancellazione tardiva gratuita \u00e8 possibile solo se presenti un certificato medico. Se il tuo datore di lavoro ti ha iscritto a un corso e poi ti cancella, la tua azienda dovr\u00e0 sostenere i costi. Se ti cancelli solo dopo l&#8217;inizio di un corso o non ti presenti, dovremo addebitarti l&#8217;intero costo del corso.<\/p><h6><strong>Quanto dura un corso?<\/strong><\/h6><p>Un corso pu\u00f2 durare uno o pi\u00f9 giorni. I corsi di pi\u00f9 giorni possono essere frequentati solo nella loro interezza. Se non diversamente specificato, gli orari dei corsi sono dalle 09:00 alle 12:00 e dalle 13:00 alle 16:45.<\/p><h6><strong>Ricever\u00f2 un certificato al termine del corso?<\/strong><\/h6><p>S\u00ec, al termine di un corso riceverai un attestato di frequenza.<\/p><h6><strong>Disclaimer<\/strong><\/h6><p>In caso di numero insufficiente di partecipanti, ci riserviamo il diritto di posticipare o annullare i corsi. Gli interessati saranno informati per iscritto in tempo utile.<\/p><h6><strong>Cosa devo portare con me al corso?<\/strong><\/h6><ul><li>Una chiavetta USB o un disco rigido personale, in modo da poter copiare ed esportare eventuali dati relativi al corso. Al termine di ogni corso, tutti i dati vengono cancellati dal sistema.<\/li><li>Per ulteriori materiali specifici relativi al corso, consultare il programma del corso.<\/li><\/ul><h6><strong>Sono un dipendente. Posso prendere un permesso per frequentare un corso Helias?<\/strong><\/h6><p>In qualit\u00e0 di dipendente di un&#8217;azienda dell&#8217;industria grafica soggetta al CCL o che rispetta il contratto, ai sensi dell&#8217;articolo 215 CCL hai diritto a un congedo formativo retribuito durante l&#8217;orario di lavoro.<\/p><h6><strong>Corsi per rilegatori<\/strong><\/h6><p>Oltre ai corsi indicati nel programma della PBS, il Centro del bel libro Ascona offre corsi di perfezionamento specifici per rilegatori e rilegatrici qualificati.<\/p><p>Per ulteriori informazioni e per il programma dei corsi rivolgersi direttamente a:<\/p><p>Segreteria Centro del bel libro Ascona<br \/>Viale Portone 4, 6500 Bellinzona<br \/>Telefono 091 825 11 62, Fax 091 825 56 27<\/p>\t\t\t\t\t\t\t\t<\/div>\n\t\t\t\t\t<\/div>\n\t\t\t\t<\/div>\n\t\t\t\t<\/div>\n\t\t","protected":false},"excerpt":{"rendered":"<p>FAQ FAQ Come mi iscrivo a un corso? \u00c8 necessario iscriversi tramite il modulo online disponibile nella pagina del corso corrispondente. L&#8217;iscrizione \u00e8 vincolante. Le iscrizioni saranno prese in considerazione in ordine di arrivo. La decisione definitiva sull&#8217;effettivo svolgimento di un corso verr\u00e0 presa al pi\u00f9 tardi 3 settimane prima dell&#8217;inizio dello stesso. Al pi\u00f9 [&hellip;]<\/p>\n","protected":false},"author":1,"featured_media":0,"parent":0,"menu_order":0,"comment_status":"closed","ping_status":"closed","template":"elementor_header_footer","meta":{"footnotes":""},"class_list":["post-2206","page","type-page","status-publish","hentry"],"_links":{"self":[{"href":"https:\/\/helias.ch\/it\/wp-json\/wp\/v2\/pages\/2206","targetHints":{"allow":["GET"]}}],"collection":[{"href":"https:\/\/helias.ch\/it\/wp-json\/wp\/v2\/pages"}],"about":[{"href":"https:\/\/helias.ch\/it\/wp-json\/wp\/v2\/types\/page"}],"author":[{"embeddable":true,"href":"https:\/\/helias.ch\/it\/wp-json\/wp\/v2\/users\/1"}],"replies":[{"embeddable":true,"href":"https:\/\/helias.ch\/it\/wp-json\/wp\/v2\/comments?post=2206"}],"version-history":[{"count":4,"href":"https:\/\/helias.ch\/it\/wp-json\/wp\/v2\/pages\/2206\/revisions"}],"predecessor-version":[{"id":2211,"href":"https:\/\/helias.ch\/it\/wp-json\/wp\/v2\/pages\/2206\/revisions\/2211"}],"wp:attachment":[{"href":"https:\/\/helias.ch\/it\/wp-json\/wp\/v2\/media?parent=2206"}],"curies":[{"name":"wp","href":"https:\/\/api.w.org\/{rel}","templated":true}]}}