{"id":2255,"date":"2025-08-18T20:46:57","date_gmt":"2025-08-18T18:46:57","guid":{"rendered":"https:\/\/helias.ch\/datenschutz\/"},"modified":"2026-02-17T11:46:16","modified_gmt":"2026-02-17T10:46:16","slug":"protezione-dei-dati","status":"publish","type":"page","link":"https:\/\/helias.ch\/it\/protezione-dei-dati\/","title":{"rendered":"Protezione dei dati"},"content":{"rendered":"\t\t<div data-elementor-type=\"wp-page\" data-elementor-id=\"2255\" class=\"elementor elementor-2255 elementor-853\" data-elementor-post-type=\"page\">\n\t\t\t\t<div class=\"elementor-element elementor-element-894a7f6 e-flex e-con-boxed e-con e-parent\" data-id=\"894a7f6\" data-element_type=\"container\" data-e-type=\"container\" data-settings=\"{&quot;background_background&quot;:&quot;classic&quot;}\">\n\t\t\t\t\t<div class=\"e-con-inner\">\n\t\t<div class=\"elementor-element elementor-element-b21a4cf e-con-full e-flex e-con e-child\" data-id=\"b21a4cf\" data-element_type=\"container\" data-e-type=\"container\">\n\t\t\t\t<div class=\"elementor-element elementor-element-cff3abe elementor-widget elementor-widget-heading\" data-id=\"cff3abe\" data-element_type=\"widget\" data-e-type=\"widget\" data-widget_type=\"heading.default\">\n\t\t\t\t\t<h1 class=\"elementor-heading-title elementor-size-default\">Protezione dei dati<\/h1>\t\t\t\t<\/div>\n\t\t\t\t<\/div>\n\t\t\t\t\t<\/div>\n\t\t\t\t<\/div>\n\t\t<div class=\"elementor-element elementor-element-e8ba8c2 e-flex e-con-boxed e-con e-parent\" data-id=\"e8ba8c2\" data-element_type=\"container\" data-e-type=\"container\">\n\t\t\t\t\t<div class=\"e-con-inner\">\n\t\t\t\t<div class=\"elementor-element elementor-element-904413b elementor-widget elementor-widget-text-editor\" data-id=\"904413b\" data-element_type=\"widget\" data-e-type=\"widget\" data-widget_type=\"text-editor.default\">\n\t\t\t\t\t\t\t\t\t<h3>Note legali<\/h3><p>Questo \u00e8 il sito web ufficiale di Helias. Ha lo scopo di fornire informazioni alle persone interessate e ai partecipanti ai nostri corsi. Helias pu\u00f2 avvalersi di terzi per la gestione del sito web. Le informazioni e le regole di utilizzo possono essere modificate da Helias in qualsiasi momento. Le modifiche sono vincolanti.<\/p><h3>Diritti d&#8217;autore e altri diritti<\/h3><p>Le informazioni contenute nel sito web Helias sono rese accessibili al pubblico. Il download o la copia di contenuti, immagini, foto o altri file non comporta il trasferimento di alcun diritto sui contenuti stessi.<br \/>I diritti d&#8217;autore e tutti gli altri diritti sui contenuti, immagini, foto o altri file presenti sul sito web Helias sono di esclusiva propriet\u00e0 di Helias o dei titolari dei diritti esplicitamente indicati. La riproduzione (totale o parziale), la trasmissione (elettronica o con altri mezzi), la modifica, il collegamento o l&#8217;utilizzo del sito web per scopi pubblici o commerciali sono vietati senza previo consenso scritto.<\/p><h3>Esclusione di responsabilit\u00e0<\/h3><p>Sebbene Helias presti la massima attenzione alla correttezza delle informazioni pubblicate, non pu\u00f2 garantire la correttezza, l&#8217;accuratezza, l&#8217;attualit\u00e0, l&#8217;affidabilit\u00e0 e la completezza di tali informazioni.<br \/>Helias si riserva espressamente il diritto di modificare, cancellare o sospendere temporaneamente la pubblicazione di contenuti, in tutto o in parte, senza preavviso.<\/p><p>Sono escluse rivendicazioni di responsabilit\u00e0 nei confronti di Helias per danni materiali o immateriali derivanti dall&#8217;accesso o dall&#8217;utilizzo o dal mancato utilizzo delle informazioni pubblicate, dall&#8217;uso improprio della connessione o da guasti tecnici. L&#8217;accesso al sito web e il suo utilizzo non sono garantiti.<\/p><h3>Trasmissione dei dati via Internet<\/h3><p class=\"\"><time>13 novembre 2018<\/time><\/p><p>Internet \u00e8 una rete aperta, accessibile a tutti e pertanto non \u00e8 considerata un ambiente sicuro. Sebbene i singoli pacchetti di dati vengano trasmessi in forma crittografata, ci\u00f2 non vale per il mittente e il destinatario. Inoltre, \u00e8 possibile che i dati vengano trasferiti all&#8217;estero e quindi in un Paese con un livello di protezione dei dati inferiore a quello della Svizzera, anche se il mittente e il destinatario si trovano in Svizzera. Helias declina ogni responsabilit\u00e0 per la sicurezza dei dati durante la loro trasmissione via Internet.<\/p><h3>Raccolta e utilizzo delle informazioni<\/h3><p>Quando si accede al sito web, vengono memorizzati diversi dati di accesso (indirizzo IP, data e ora dell&#8217;accesso, nome del file richiamato, ecc.). Non vengono effettuate valutazioni relative alle persone. A fini statistici, i dati vengono valutati in forma anonima, ad esempio per determinare la frequenza di accesso al sito web durante il giorno.<br \/>Questi dati sono trattati in modo strettamente confidenziale e non sono resi accessibili a terzi, a meno che ci\u00f2 non sia richiesto dalla legge applicabile e in particolare dalle autorit\u00e0 di polizia competenti.<\/p><h3>Google Analytics<\/h3><p>Questo sito web utilizza Google Analytics, un servizio di analisi web fornito da Google Inc. (\u201cGoogle\u201d). Google Analytics utilizza i cosiddetti \u201ccookie\u201d, file di testo che vengono memorizzati sul vostro computer e che consentono di analizzare il vostro utilizzo del sito web. Le informazioni generate dal cookie sull&#8217;utilizzo del sito web syndicom (compreso l&#8217;indirizzo IP) vengono trasmesse a un server di Google negli Stati Uniti e l\u00ec memorizzate. Google utilizzer\u00e0 queste informazioni per valutare l&#8217;utilizzo del sito web, compilare report sulle attivit\u00e0 del sito web per i gestori del sito e fornire altri servizi relativi all&#8217;utilizzo del sito web e di Internet. Google potr\u00e0 anche trasferire queste informazioni a terzi, se ci\u00f2 \u00e8 previsto dalla legge o se terzi elaborano questi dati per conto di Google. Google non assocer\u00e0 in nessun caso il vostro indirizzo IP ad altri dati di Google. Potete impedire l&#8217;installazione dei cookie modificando le impostazioni del vostro browser; vi segnaliamo tuttavia che in questo caso potreste non essere in grado di utilizzare tutte le funzioni di questo sito web. Utilizzando questo sito web, l&#8217;utente acconsente al trattamento dei dati raccolti su di lui da parte di Google nel modo sopra descritto e per lo scopo sopra indicato.<\/p><h3>Cookie<\/h3><p>Durante l&#8217;utilizzo del portale, sui computer degli utenti viene memorizzato un piccolo file (il cosiddetto \u00abcookie\u00bb). Questo file serve esclusivamente alla raccolta anonima dei dati relativi al numero di visitatori.<\/p>\t\t\t\t\t\t\t\t<\/div>\n\t\t\t\t\t<\/div>\n\t\t\t\t<\/div>\n\t\t\t\t<\/div>\n\t\t","protected":false},"excerpt":{"rendered":"<p>Protezione dei dati Note legali Questo \u00e8 il sito web ufficiale di Helias. Ha lo scopo di fornire informazioni alle persone interessate e ai partecipanti ai nostri corsi. Helias pu\u00f2 avvalersi di terzi per la gestione del sito web. Le informazioni e le regole di utilizzo possono essere modificate da Helias in qualsiasi momento. Le [&hellip;]<\/p>\n","protected":false},"author":1,"featured_media":0,"parent":0,"menu_order":0,"comment_status":"closed","ping_status":"closed","template":"elementor_header_footer","meta":{"footnotes":""},"class_list":["post-2255","page","type-page","status-publish","hentry"],"_links":{"self":[{"href":"https:\/\/helias.ch\/it\/wp-json\/wp\/v2\/pages\/2255","targetHints":{"allow":["GET"]}}],"collection":[{"href":"https:\/\/helias.ch\/it\/wp-json\/wp\/v2\/pages"}],"about":[{"href":"https:\/\/helias.ch\/it\/wp-json\/wp\/v2\/types\/page"}],"author":[{"embeddable":true,"href":"https:\/\/helias.ch\/it\/wp-json\/wp\/v2\/users\/1"}],"replies":[{"embeddable":true,"href":"https:\/\/helias.ch\/it\/wp-json\/wp\/v2\/comments?post=2255"}],"version-history":[{"count":4,"href":"https:\/\/helias.ch\/it\/wp-json\/wp\/v2\/pages\/2255\/revisions"}],"predecessor-version":[{"id":2260,"href":"https:\/\/helias.ch\/it\/wp-json\/wp\/v2\/pages\/2255\/revisions\/2260"}],"wp:attachment":[{"href":"https:\/\/helias.ch\/it\/wp-json\/wp\/v2\/media?parent=2255"}],"curies":[{"name":"wp","href":"https:\/\/api.w.org\/{rel}","templated":true}]}}